{"id":25,"date":"2020-03-31T13:07:50","date_gmt":"2020-03-31T13:07:50","guid":{"rendered":"https:\/\/flauz.net\/?page_id=25"},"modified":"2020-03-31T13:09:23","modified_gmt":"2020-03-31T13:09:23","slug":"datenschutzerklaerung","status":"publish","type":"page","link":"https:\/\/flauz.net\/?page_id=25","title":{"rendered":"Datenschutzerkl\u00e4rung"},"content":{"rendered":"\n<p>Personenbezogene Daten (nachfolgend zumeist nur \u201eDaten\u201c genannt) \nwerden von uns nur im Rahmen der Erforderlichkeit sowie zum Zwecke der \nBereitstellung eines funktionsf\u00e4higen und nutzerfreundlichen \nInternetauftritts, inklusive seiner Inhalte und der dort angebotenen \nLeistungen, verarbeitet.<\/p>\n\n\n\n<p>Gem\u00e4\u00df Art. 4 Ziffer 1. der Verordnung (EU) 2016\/679, also der \nDatenschutz-Grundverordnung (nachfolgend nur \u201eDSGVO\u201c genannt), gilt als \n\u201eVerarbeitung\u201c jeder mit oder ohne Hilfe automatisierter Verfahren \nausgef\u00fchrter Vorgang oder jede solche Vorgangsreihe im Zusammenhang mit \npersonenbezogenen Daten, wie das Erheben, das Erfassen, die \nOrganisation, das Ordnen, die Speicherung, die Anpassung oder \nVer\u00e4nderung, das Auslesen, das Abfragen, die Verwendung, die Offenlegung\n durch \u00dcbermittlung, Verbreitung oder eine andere Form der \nBereitstellung, den Abgleich oder die Verkn\u00fcpfung, die Einschr\u00e4nkung, \ndas L\u00f6schen oder die Vernichtung.<\/p>\n\n\n\n<p>Mit der nachfolgenden Datenschutzerkl\u00e4rung informieren wir Sie \ninsbesondere \u00fcber Art, Umfang, Zweck, Dauer und Rechtsgrundlage der  \nVerarbeitung personenbezogener Daten, soweit wir entweder allein oder  \ngemeinsam mit anderen \u00fcber die Zwecke und Mittel der Verarbeitung  \nentscheiden. Zudem informieren wir Sie nachfolgend \u00fcber die von uns zu \nOptimierungszwecken sowie zur Steigerung der Nutzungsqualit\u00e4t  \neingesetzten Fremdkomponenten, soweit hierdurch Dritte Daten in wiederum\n  eigener Verantwortung verarbeiten.<\/p>\n\n\n\n<p>Unsere Datenschutzerkl\u00e4rung ist wie folgt gegliedert:<\/p>\n\n\n\n<p>I. Informationen \u00fcber uns als Verantwortliche<br>II. Rechte der Nutzer und Betroffenen<br>III. Informationen zur Datenverarbeitung<\/p>\n\n\n\n<h3>I. Informationen \u00fcber uns als Verantwortliche<\/h3>\n\n\n\n<p>Verantwortliche Anbieterin und Datenschutzbeauftragte dieses Internetauftritts im datenschutzrechtlichen Sinne ist:<\/p>\n\n\n\n<p>Manuela Baumann<br>Polcher Stra\u00dfe 16a<br>56295 R\u00fcber<br>Deutschland<br><br>Telefon: +49 163 7178374<br>E-Mail: fl-20190525@flexihexi.de <\/p>\n\n\n\n<h3>II. Rechte der Nutzer und Betroffenen<\/h3>\n\n\n\n<p>Mit Blick auf die nachfolgend noch n\u00e4her beschriebene Datenverarbeitung haben die Nutzer und Betroffenen das Recht<\/p>\n\n\n\n<ul><li>auf Best\u00e4tigung, ob sie betreffende Daten verarbeitet werden, auf \nAuskunft \u00fcber die verarbeiteten Daten, auf weitere Informationen \u00fcber \ndie Datenverarbeitung sowie auf Kopien der Daten (vgl. auch Art. 15 \nDSGVO);<\/li><li>auf Berichtigung oder Vervollst\u00e4ndigung unrichtiger bzw. unvollst\u00e4ndiger Daten (vgl. auch Art. 16 DSGVO);<\/li><li>auf unverz\u00fcgliche L\u00f6schung der sie betreffenden Daten (vgl. auch \nArt. 17 DSGVO), oder, alternativ, soweit eine weitere Verarbeitung gem\u00e4\u00df\n Art. 17 Abs. 3 DSGVO erforderlich ist, auf Einschr\u00e4nkung der \nVerarbeitung nach Ma\u00dfgabe von Art. 18 DSGVO;<\/li><li>auf Erhalt der sie betreffenden und von ihnen bereitgestellten Daten\n und auf \u00dcbermittlung dieser Daten an andere Anbieter\/Verantwortliche \n(vgl. auch Art. 20 DSGVO);<\/li><li>auf Beschwerde gegen\u00fcber der Aufsichtsbeh\u00f6rde, sofern sie der \nAnsicht sind, dass die sie betreffenden Daten durch den Anbieter unter \nVersto\u00df gegen datenschutzrechtliche Bestimmungen verarbeitet werden \n(vgl. auch Art. 77 DSGVO).<\/li><\/ul>\n\n\n\n<p>Dar\u00fcber hinaus ist der Anbieter dazu verpflichtet, alle Empf\u00e4nger, \ndenen gegen\u00fcber Daten durch den Anbieter offengelegt worden sind, \u00fcber \njedwede Berichtigung oder L\u00f6schung von Daten oder die Einschr\u00e4nkung der \nVerarbeitung, die aufgrund der Artikel 16, 17 Abs. 1, 18 DSGVO erfolgt, \nzu unterrichten. Diese Verpflichtung besteht jedoch nicht, soweit diese \nMitteilung unm\u00f6glich oder mit einem unverh\u00e4ltnism\u00e4\u00dfigen Aufwand \nverbunden ist. Unbeschadet dessen hat der Nutzer ein Recht auf Auskunft \n\u00fcber diese Empf\u00e4nger.<\/p>\n\n\n\n<p><strong>Ebenfalls haben die Nutzer und Betroffenen nach Art. 21 DSGVO\n das Recht auf Widerspruch gegen die k\u00fcnftige Verarbeitung der sie \nbetreffenden Daten, sofern die Daten durch den Anbieter nach Ma\u00dfgabe von\n Art. 6 Abs. 1 lit. f) DSGVO verarbeitet werden. Insbesondere ist ein \nWiderspruch gegen die Datenverarbeitung zum Zwecke der Direktwerbung \nstatthaft.<\/strong><\/p>\n\n\n\n<h3>III. Informationen zur Datenverarbeitung<\/h3>\n\n\n\n<p>Ihre bei Nutzung unseres Internetauftritts verarbeiteten Daten werden\n gel\u00f6scht oder gesperrt, sobald der Zweck der Speicherung entf\u00e4llt, der \nL\u00f6schung der Daten keine gesetzlichen Aufbewahrungspflichten \nentgegenstehen und nachfolgend keine anderslautenden Angaben zu \neinzelnen Verarbeitungsverfahren gemacht werden.<\/p>\n\n\n\n<h4>Serverdaten<\/h4>\n\n\n\n<p>Aus technischen Gr\u00fcnden, insbesondere zur Gew\u00e4hrleistung eines  \nsicheren und stabilen Internetauftritts, werden Daten durch Ihren  \nInternet-Browser an uns bzw. an unseren Webspace-Provider \u00fcbermittelt.  \nMit diesen sog. Server-Logfiles werden u.a. Typ und Version Ihres  \nInternetbrowsers, das Betriebssystem, die Website, von der aus Sie auf  \nunseren Internetauftritt gewechselt haben (Referrer URL), die Seiten \nunseres Internetauftritts, die Sie besuchen, Datum und Uhrzeit des  \njeweiligen Zugriffs sowie die IP-Adresse des Internetanschlusses, von  \ndem aus die Nutzung unseres Internetauftritts erfolgt, erhoben.<\/p>\n\n\n\n<p>Diese so erhobenen Daten werden vorr\u00fcbergehend gespeichert, dies jedoch nicht gemeinsam mit anderen Daten von Ihnen.<\/p>\n\n\n\n<p>Diese Speicherung erfolgt auf der Rechtsgrundlage von Art. 6 Abs. 1 \nlit. f) DSGVO. Unser berechtigtes Interesse liegt in der Verbesserung, \nStabilit\u00e4t, Funktionalit\u00e4t und Sicherheit unseres Internetauftritts.<\/p>\n\n\n\n<p>Die Daten werden sp\u00e4testens nach sieben Tage wieder gel\u00f6scht, soweit \nkeine weitere Aufbewahrung zu Beweiszwecken erforderlich ist. \nAndernfalls sind die Daten bis zur endg\u00fcltigen Kl\u00e4rung eines Vorfalls \nganz oder teilweise von der L\u00f6schung ausgenommen.<\/p>\n\n\n\n<h4>Cookies<\/h4>\n\n\n\n<h5>a) Sitzungs-Cookies\/Session-Cookies<\/h5>\n\n\n\n<p>Wir verwenden mit unserem Internetauftritt sog. Cookies. Cookies sind\n kleine Textdateien oder andere Speichertechnologien, die durch den von \nIhnen eingesetzten Internet-Browser auf Ihrem Endger\u00e4t ablegt und \ngespeichert werden. Durch diese Cookies werden im individuellen Umfang \nbestimmte Informationen von Ihnen, wie beispielsweise Ihre Browser- oder\n Standortdaten oder Ihre IP-Adresse, verarbeitet. &nbsp;<\/p>\n\n\n\n<p>Durch diese Verarbeitung wird unser Internetauftritt \nbenutzerfreundlicher, effektiver und sicherer, da die Verarbeitung bspw.\n die Wiedergabe unseres Internetauftritts in unterschiedlichen Sprachen \noder das Angebot einer Warenkorbfunktion erm\u00f6glicht.<\/p>\n\n\n\n<p>Rechtsgrundlage dieser Verarbeitung ist Art. 6 Abs. 1 lit b.) DSGVO, \nsofern diese Cookies Daten zur Vertragsanbahnung oder Vertragsabwicklung\n verarbeitet werden.<\/p>\n\n\n\n<p>Falls die Verarbeitung nicht der Vertragsanbahnung oder \nVertragsabwicklung dient, liegt unser berechtigtes Interesse in der \nVerbesserung der Funktionalit\u00e4t unseres Internetauftritts. \nRechtsgrundlage ist in dann Art. 6 Abs. 1 lit. f) DSGVO.<\/p>\n\n\n\n<p>Mit Schlie\u00dfen Ihres Internet-Browsers werden diese Session-Cookies gel\u00f6scht.<\/p>\n\n\n\n<h5>b) Drittanbieter-Cookies<\/h5>\n\n\n\n<p>Gegebenenfalls werden mit unserem Internetauftritt auch Cookies von \nPartnerunternehmen, mit denen wir zum Zwecke der Werbung, der Analyse \noder der Funktionalit\u00e4ten unseres Internetauftritts zusammenarbeiten, \nverwendet.<\/p>\n\n\n\n<p>Die Einzelheiten hierzu, insbesondere zu den Zwecken und den \nRechtsgrundlagen der Verarbeitung solcher Drittanbieter-Cookies, \nentnehmen Sie bitte den nachfolgenden Informationen.<\/p>\n\n\n\n<h5>c) Beseitigungsm\u00f6glichkeit<\/h5>\n\n\n\n<p>Sie k\u00f6nnen die Installation der Cookies durch eine Einstellung Ihres \n Internet-Browsers verhindern oder einschr\u00e4nken. Ebenfalls k\u00f6nnen Sie  \nbereits gespeicherte Cookies jederzeit l\u00f6schen. Die hierf\u00fcr  \nerforderlichen Schritte und Ma\u00dfnahmen h\u00e4ngen jedoch von Ihrem konkret  \ngenutzten Internet-Browser ab. Bei Fragen benutzen Sie daher bitte die  \nHilfefunktion oder Dokumentation Ihres Internet-Browsers oder wenden  \nsich an dessen Hersteller bzw. Support. <\/p>\n\n\n\n<p>Sollten Sie die Installation der Cookies verhindern oder \neinschr\u00e4nken, kann dies allerdings dazu f\u00fchren, dass nicht s\u00e4mtliche \nFunktionen unseres Internetauftritts vollumf\u00e4nglich nutzbar sind. <\/p>\n\n\n\n<h4>Kontaktanfragen \/ Kontaktm\u00f6glichkeit<\/h4>\n\n\n\n<p>Sofern Sie per Kontaktformular oder E-Mail mit uns in Kontakt treten,\n werden die dabei von Ihnen angegebenen Daten zur Bearbeitung Ihrer \nAnfrage genutzt. Die Angabe der Daten ist zur Bearbeitung und \nBeantwortung Ihre Anfrage erforderlich \u2013 ohne deren Bereitstellung \nk\u00f6nnen wir Ihre Anfrage nicht oder allenfalls eingeschr\u00e4nkt beantworten.<\/p>\n\n\n\n<p>Rechtsgrundlage f\u00fcr diese Verarbeitung ist Art. 6 Abs. 1 lit. b) DSGVO.<\/p>\n\n\n\n<p>Ihre Daten werden gel\u00f6scht, sofern Ihre Anfrage abschlie\u00dfend \nbeantwortet worden ist und der L\u00f6schung keine gesetzlichen \nAufbewahrungspflichten entgegenstehen, wie bspw. bei einer sich etwaig \nanschlie\u00dfenden Vertragsabwicklung.<\/p>\n\n\n\n<h4>Google Analytics<\/h4>\n\n\n\n<p>In unserem Internetauftritt setzen wir Google Analytics ein. Hierbei \nhandelt es sich um einen Webanalysedienst der Google LLC, Gordon House, \nBarrow Street, Dublin 4, Irland, nachfolgend nur \u201eGoogle\u201c genannt.<\/p>\n\n\n\n<p> Durch die Zertifizierung nach dem EU-US-Datenschutzschild (\u201eEU-US Privacy Shield\u201c) <\/p>\n\n\n\n<figure class=\"wp-block-embed\"><div class=\"wp-block-embed__wrapper\">\nhttps:\/\/www.privacyshield.gov\/participant?id=a2zt000000001L5AAI&#038;status=Active\n<\/div><\/figure>\n\n\n\n<p>garantiert Google, dass die Datenschutzvorgaben der EU auch bei der Verarbeitung von Daten in den USA eingehalten werden.<\/p>\n\n\n\n<p>Der Dienst Google Analytics dient zur Analyse des Nutzungsverhaltens \nunseres Internetauftritts. Rechtsgrundlage ist Art. 6 Abs. 1 lit. f) \nDSGVO. Unser berechtigtes Interesse liegt in der Analyse, Optimierung \nund dem wirtschaftlichen Betrieb unseres Internetauftritts.<\/p>\n\n\n\n<p>Nutzungs- und nutzerbezogene Informationen, wie bspw. IP-Adresse, \nOrt, Zeit oder H\u00e4ufigkeit des Besuchs unseres Internetauftritts, werden \ndabei an einen Server von Google in den USA \u00fcbertragen und dort \ngespeichert. Allerdings nutzen wir Google Analytics mit der sog. \nAnonymisierungsfunktion. Durch diese Funktion k\u00fcrzt Google die \nIP-Adresse schon innerhalb der EU bzw. des EWR.<\/p>\n\n\n\n<p>Die so erhobenen Daten werden wiederum von Google genutzt, um uns \neine Auswertung \u00fcber den Besuch unseres Internetauftritts sowie \u00fcber die\n dortigen Nutzungsaktivit\u00e4ten zur Verf\u00fcgung zu stellen. Auch k\u00f6nnen \ndiese Daten genutzt werden, um weitere Dienstleistungen zu erbringen, \ndie mit der Nutzung unseres Internetauftritts und der Nutzung des \nInternets zusammenh\u00e4ngen.<\/p>\n\n\n\n<p>Google gibt an, Ihre IP-Adresse nicht mit anderen Daten zu verbinden. Zudem h\u00e4lt Google unter<\/p>\n\n\n\n<figure class=\"wp-block-embed\"><div class=\"wp-block-embed__wrapper\">\nhttps:\/\/www.google.com\/intl\/de\/policies\/privacy\/partners\n<\/div><\/figure>\n\n\n\n<p>weitere datenschutzrechtliche Informationen f\u00fcr Sie bereit, so bspw. auch zu den M\u00f6glichkeiten, die Datennutzung zu unterbinden.<\/p>\n\n\n\n<p>Zudem bietet Google unter<\/p>\n\n\n\n<figure class=\"wp-block-embed\"><div class=\"wp-block-embed__wrapper\">\nhttps:\/\/tools.google.com\/dlpage\/gaoptout?hl=de\n<\/div><\/figure>\n\n\n\n<p>ein sog. Deaktivierungs-Add-on nebst weiteren Informationen hierzu \nan. Dieses Add-on l\u00e4sst sich mit den g\u00e4ngigen Internet-Browsern \ninstallieren und bietet Ihnen weitergehende Kontrollm\u00f6glichkeit \u00fcber die\n Daten, die Google bei Aufruf unseres Internetauftritts erfasst. Dabei \nteilt das Add-on dem JavaScript (ga.js) von Google Analytics mit, dass \nInformationen zum Besuch unseres Internetauftritts nicht an Google \nAnalytics \u00fcbermittelt werden sollen. Dies verhindert aber nicht, dass \nInformationen an uns oder an andere Webanalysedienste \u00fcbermittelt \nwerden. Ob und welche weiteren Webanalysedienste von uns eingesetzt \nwerden, erfahren Sie nat\u00fcrlich ebenfalls in dieser Datenschutzerkl\u00e4rung.<\/p>\n\n\n\n<h4>Google-Maps<\/h4>\n\n\n\n<p>In unserem Internetauftritt setzen wir Google Maps zur Darstellung \nunseres Standorts sowie zur Erstellung einer Anfahrtsbeschreibung ein. \nEs handelt sich hierbei um einen Dienst der Google LLC, Gordon House, \nBarrow Street, Dublin 4, Irland, nachfolgend nur \u201eGoogle\u201c genannt.<\/p>\n\n\n\n<p>Durch die Zertifizierung nach dem EU-US-Datenschutzschild (\u201eEU-US Privacy Shield\u201c)<\/p>\n\n\n\n<figure class=\"wp-block-embed\"><div class=\"wp-block-embed__wrapper\">\nhttps:\/\/www.privacyshield.gov\/participant?id=a2zt000000001L5AAI&#038;status=Active\n<\/div><\/figure>\n\n\n\n<p>garantiert Google, dass die Datenschutzvorgaben der EU auch bei der Verarbeitung von Daten in den USA eingehalten werden.<\/p>\n\n\n\n<p>Um die Darstellung bestimmter Schriften in unserem Internetauftritt \nzu erm\u00f6glichen, wird bei Aufruf unseres Internetauftritts eine \nVerbindung zu dem Google-Server in den USA aufgebaut.<\/p>\n\n\n\n<p>Sofern Sie die in unseren Internetauftritt eingebundene Komponente \nGoogle Maps aufrufen, speichert Google \u00fcber Ihren Internet-Browser ein \nCookie auf Ihrem Endger\u00e4t. Um unseren Standort anzuzeigen und eine \nAnfahrtsbeschreibung zu erstellen, werden Ihre Nutzereinstellungen und \n-daten verarbeitet. Hierbei k\u00f6nnen wir nicht ausschlie\u00dfen, dass Google \nServer in den USA einsetzt.<\/p>\n\n\n\n<p>Rechtsgrundlage ist Art. 6 Abs. 1 lit. f) DSGVO. Unser berechtigtes \nInteresse liegt in der Optimierung der Funktionalit\u00e4t unseres \nInternetauftritts.<\/p>\n\n\n\n<p>Durch die so hergestellte Verbindung zu Google kann Google ermitteln,\n von welcher Website Ihre Anfrage gesendet worden ist und an welche \nIP-Adresse die Anfahrtsbeschreibung zu \u00fcbermitteln ist.<\/p>\n\n\n\n<p>Sofern Sie mit dieser Verarbeitung nicht einverstanden sind, haben \nSie die M\u00f6glichkeit, die Installation der Cookies durch die \nentsprechenden Einstellungen in Ihrem Internet-Browser zu verhindern. \nEinzelheiten hierzu finden Sie vorstehend unter dem Punkt \u201eCookies\u201c.<\/p>\n\n\n\n<p>Zudem erfolgt die Nutzung von Google Maps sowie der \u00fcber Google Maps erlangten Informationen nach den <a target=\"_blank\" rel=\"noreferrer noopener\" href=\"http:\/\/www.google.de\/accounts\/TOS\">Google-Nutzungsbedingungen<\/a>&nbsp;<a target=\"_blank\" rel=\"noreferrer noopener\" href=\"https:\/\/policies.google.com\/terms?gl=DE&amp;hl=de\">https:\/\/policies.google.com\/terms?gl=DE&amp;hl=de<\/a> und den <a target=\"_blank\" rel=\"noreferrer noopener\" href=\"http:\/\/www.google.com\/intl\/de_de\/help\/terms_maps.html\">Gesch\u00e4ftsbedingungen f\u00fcr Google Maps<\/a> https:\/\/www.google.com\/intl\/de_de\/help\/terms_maps.html.<\/p>\n\n\n\n<p>\u00dcberdies bietet Google unter<\/p>\n\n\n\n<figure class=\"wp-block-embed\"><div class=\"wp-block-embed__wrapper\">\nhttps:\/\/adssettings.google.com\/authenticated\n<\/div><\/figure>\n\n\n\n<figure class=\"wp-block-embed\"><div class=\"wp-block-embed__wrapper\">\nhttps:\/\/policies.google.com\/privacy\n<\/div><\/figure>\n\n\n\n<p>weitergehende Informationen an.<\/p>\n\n\n\n<h4>Google reCAPTCHA<\/h4>\n\n\n\n<p>In unserem Internetauftritt setzen wir Google reCAPTCHA zur \n\u00dcberpr\u00fcfung und Vermeidung von Interaktionen auf unserer Internetseite \ndurch automatisierte Zugriffe, bspw. durch sog. Bots, ein. Es handelt \nsich hierbei um einen Dienst der Google LLC, Gordon House, Barrow \nStreet, Dublin 4, Irland, nachfolgend nur \u201eGoogle\u201c genannt.<\/p>\n\n\n\n<p>Durch die Zertifizierung nach dem EU-US-Datenschutzschild (\u201eEU-US Privacy Shield\u201c)<\/p>\n\n\n\n<figure class=\"wp-block-embed\"><div class=\"wp-block-embed__wrapper\">\nhttps:\/\/www.privacyshield.gov\/participant?id=a2zt000000001L5AAI&#038;status=Active\n<\/div><\/figure>\n\n\n\n<p>garantiert Google, dass die Datenschutzvorgaben der EU auch bei der Verarbeitung von Daten in den USA eingehalten werden.<\/p>\n\n\n\n<p>Durch diesen Dienst kann Google ermitteln, von welcher Webseite eine \nAnfrage gesendet wird sowie von welcher IP-Adresse aus Sie die sog. \nreCAPTCHA-Eingabebox verwenden. Neben Ihrer IP-Adresse werden wom\u00f6glich \nnoch weitere Informationen durch Google erfasst, die f\u00fcr das Angebot und\n die Gew\u00e4hrleistung dieses Dienstes notwendig sind.&nbsp;&nbsp;&nbsp;<\/p>\n\n\n\n<p>Rechtsgrundlage ist Art. 6 Abs. 1 lit. f) DSGVO. Unser berechtigtes \nInteresse liegt in der Sicherheit unseres Internetauftritts sowie in der\n Abwehr unerw\u00fcnschter, automatisierter Zugriffe in Form von Spam o.\u00e4..<\/p>\n\n\n\n<p>Google bietet unter<\/p>\n\n\n\n<figure class=\"wp-block-embed\"><div class=\"wp-block-embed__wrapper\">\nhttps:\/\/policies.google.com\/privacy\n<\/div><\/figure>\n\n\n\n<p>weitergehende Informationen zu dem allgemeinen Umgang mit Ihren Nutzerdaten an.<\/p>\n\n\n\n<h4>Google Fonts<\/h4>\n\n\n\n<p>In unserem Internetauftritt setzen wir Google Fonts zur Darstellung \nexterner Schriftarten ein. Es handelt sich hierbei um einen Dienst der \nGoogle LLC, Gordon House, Barrow Street, Dublin 4, Irland, nachfolgend \nnur \u201eGoogle\u201c genannt.<\/p>\n\n\n\n<p>Durch die Zertifizierung nach dem EU-US-Datenschutzschild (\u201eEU-US Privacy Shield\u201c)<\/p>\n\n\n\n<figure class=\"wp-block-embed\"><div class=\"wp-block-embed__wrapper\">\nhttps:\/\/www.privacyshield.gov\/participant?id=a2zt000000001L5AAI&#038;status=Active\n<\/div><\/figure>\n\n\n\n<p>garantiert Google, dass die Datenschutzvorgaben der EU auch bei der Verarbeitung von Daten in den USA eingehalten werden.<\/p>\n\n\n\n<p>Um die Darstellung bestimmter Schriften in unserem Internetauftritt \nzu erm\u00f6glichen, wird bei Aufruf unseres Internetauftritts eine \nVerbindung zu dem Google-Server in den USA aufgebaut.<\/p>\n\n\n\n<p>Rechtsgrundlage ist Art. 6 Abs. 1 lit. f) DSGVO. Unser berechtigtes \nInteresse liegt in der Optimierung und dem wirtschaftlichen Betrieb \nunseres Internetauftritts.<\/p>\n\n\n\n<p>Durch die bei Aufruf unseres Internetauftritts hergestellte \nVerbindung zu Google kann Google ermitteln, von welcher Website Ihre \nAnfrage gesendet worden ist und an welche IP-Adresse die Darstellung der\n Schrift zu \u00fcbermitteln ist.<\/p>\n\n\n\n<p>Google bietet unter<\/p>\n\n\n\n<figure class=\"wp-block-embed\"><div class=\"wp-block-embed__wrapper\">\nhttps:\/\/adssettings.google.com\/authenticated\n<\/div><\/figure>\n\n\n\n<figure class=\"wp-block-embed\"><div class=\"wp-block-embed__wrapper\">\nhttps:\/\/policies.google.com\/privacy\n<\/div><\/figure>\n\n\n\n<p>weitere Informationen an und zwar insbesondere zu den M\u00f6glichkeiten der Unterbindung der Datennutzung.<\/p>\n\n\n\n<p>[Ende der Datenschutzerkl\u00e4rung]<\/p>\n\n\n\n<p>Diese Datenschutzerkl\u00e4rung basiert auf einer <a rel=\"noreferrer noopener\" target=\"_blank\" href=\"https:\/\/www.ratgeberrecht.eu\/leistungen\/muster-datenschutzerklaerung.html\">Muster-Datenschutzerkl\u00e4rung<\/a> der <a rel=\"noreferrer noopener\" target=\"_blank\" href=\"https:\/\/www.ratgeberrecht.eu\/\">Anwaltskanzlei Wei\u00df &amp; Partner<\/a><\/p>\n","protected":false},"excerpt":{"rendered":"<p>Personenbezogene Daten (nachfolgend zumeist nur \u201eDaten\u201c genannt) werden von uns nur im Rahmen der Erforderlichkeit sowie zum Zwecke der Bereitstellung eines funktionsf\u00e4higen und nutzerfreundlichen Internetauftritts, inklusive seiner Inhalte und der [&hellip;]<\/p>\n","protected":false},"author":1,"featured_media":0,"parent":0,"menu_order":2,"comment_status":"closed","ping_status":"closed","template":"","meta":[],"_links":{"self":[{"href":"https:\/\/flauz.net\/index.php?rest_route=\/wp\/v2\/pages\/25"}],"collection":[{"href":"https:\/\/flauz.net\/index.php?rest_route=\/wp\/v2\/pages"}],"about":[{"href":"https:\/\/flauz.net\/index.php?rest_route=\/wp\/v2\/types\/page"}],"author":[{"embeddable":true,"href":"https:\/\/flauz.net\/index.php?rest_route=\/wp\/v2\/users\/1"}],"replies":[{"embeddable":true,"href":"https:\/\/flauz.net\/index.php?rest_route=%2Fwp%2Fv2%2Fcomments&post=25"}],"version-history":[{"count":1,"href":"https:\/\/flauz.net\/index.php?rest_route=\/wp\/v2\/pages\/25\/revisions"}],"predecessor-version":[{"id":26,"href":"https:\/\/flauz.net\/index.php?rest_route=\/wp\/v2\/pages\/25\/revisions\/26"}],"wp:attachment":[{"href":"https:\/\/flauz.net\/index.php?rest_route=%2Fwp%2Fv2%2Fmedia&parent=25"}],"curies":[{"name":"wp","href":"https:\/\/api.w.org\/{rel}","templated":true}]}}